{"id":691,"date":"2021-09-02T19:02:26","date_gmt":"2021-09-02T19:02:26","guid":{"rendered":"https:\/\/www.electivatgt.faud.unsj.edu.ar\/?page_id=691"},"modified":"2021-10-26T14:58:15","modified_gmt":"2021-10-26T14:58:15","slug":"ejercicios-practicos","status":"publish","type":"page","link":"https:\/\/www.electivatgt.faud.unsj.edu.ar\/index.php\/material\/ejercicios-practicos\/","title":{"rendered":"Ejercicios pr\u00e1cticos"},"content":{"rendered":"\n<h3 class=\"wp-block-heading\">Trabajo Pr\u00e1ctico Integrador<\/h3>\n\n\n\n<p><a href=\"https:\/\/drive.google.com\/file\/d\/10H7Vb_CfaNsCxxUqC4l00q6-2GXJbFHv\/view?usp=sharing\" target=\"_blank\" rel=\"noreferrer noopener\">Link al archivo<\/a><\/p>\n\n\n\n<p><\/p>\n\n\n\n<h3 class=\"wp-block-heading\">Pr\u00e1ctica 1<\/h3>\n\n\n\n<figure class=\"wp-block-gallery columns-1 is-cropped wp-block-gallery-1 is-layout-flex wp-block-gallery-is-layout-flex\"><ul class=\"blocks-gallery-grid\"><li class=\"blocks-gallery-item\"><figure><img loading=\"lazy\" decoding=\"async\" width=\"960\" height=\"720\" src=\"https:\/\/www.electivatgt.faud.unsj.edu.ar\/wp-content\/uploads\/2021\/09\/Diapositiva2.jpg\" alt=\"\" data-id=\"692\" data-full-url=\"https:\/\/www.electivatgt.faud.unsj.edu.ar\/wp-content\/uploads\/2021\/09\/Diapositiva2.jpg\" data-link=\"https:\/\/www.electivatgt.faud.unsj.edu.ar\/?attachment_id=692\" class=\"wp-image-692\" srcset=\"https:\/\/www.electivatgt.faud.unsj.edu.ar\/wp-content\/uploads\/2021\/09\/Diapositiva2.jpg 960w, https:\/\/www.electivatgt.faud.unsj.edu.ar\/wp-content\/uploads\/2021\/09\/Diapositiva2-300x225.jpg 300w, https:\/\/www.electivatgt.faud.unsj.edu.ar\/wp-content\/uploads\/2021\/09\/Diapositiva2-768x576.jpg 768w\" sizes=\"auto, (max-width: 960px) 100vw, 960px\" \/><\/figure><\/li><\/ul><\/figure>\n\n\n\n<h3 class=\"wp-block-heading\">Pr\u00e1ctica 2<\/h3>\n\n\n\n<figure class=\"wp-block-gallery columns-1 is-cropped wp-block-gallery-2 is-layout-flex wp-block-gallery-is-layout-flex\"><ul class=\"blocks-gallery-grid\"><li class=\"blocks-gallery-item\"><figure><img loading=\"lazy\" decoding=\"async\" width=\"960\" height=\"720\" src=\"https:\/\/www.electivatgt.faud.unsj.edu.ar\/wp-content\/uploads\/2021\/09\/Diapositiva3.jpg\" alt=\"\" data-id=\"693\" data-full-url=\"https:\/\/www.electivatgt.faud.unsj.edu.ar\/wp-content\/uploads\/2021\/09\/Diapositiva3.jpg\" data-link=\"https:\/\/www.electivatgt.faud.unsj.edu.ar\/?attachment_id=693\" class=\"wp-image-693\" srcset=\"https:\/\/www.electivatgt.faud.unsj.edu.ar\/wp-content\/uploads\/2021\/09\/Diapositiva3.jpg 960w, https:\/\/www.electivatgt.faud.unsj.edu.ar\/wp-content\/uploads\/2021\/09\/Diapositiva3-300x225.jpg 300w, https:\/\/www.electivatgt.faud.unsj.edu.ar\/wp-content\/uploads\/2021\/09\/Diapositiva3-768x576.jpg 768w\" sizes=\"auto, (max-width: 960px) 100vw, 960px\" \/><\/figure><\/li><\/ul><\/figure>\n\n\n\n<h3 class=\"wp-block-heading\">Pr\u00e1ctica 3<\/h3>\n\n\n\n<figure class=\"wp-block-gallery columns-1 is-cropped wp-block-gallery-3 is-layout-flex wp-block-gallery-is-layout-flex\"><ul class=\"blocks-gallery-grid\"><li class=\"blocks-gallery-item\"><figure><img loading=\"lazy\" decoding=\"async\" width=\"960\" height=\"720\" src=\"https:\/\/www.electivatgt.faud.unsj.edu.ar\/wp-content\/uploads\/2021\/09\/Diapositiva4.jpg\" alt=\"\" data-id=\"694\" data-full-url=\"https:\/\/www.electivatgt.faud.unsj.edu.ar\/wp-content\/uploads\/2021\/09\/Diapositiva4.jpg\" data-link=\"https:\/\/www.electivatgt.faud.unsj.edu.ar\/?attachment_id=694\" class=\"wp-image-694\" srcset=\"https:\/\/www.electivatgt.faud.unsj.edu.ar\/wp-content\/uploads\/2021\/09\/Diapositiva4.jpg 960w, https:\/\/www.electivatgt.faud.unsj.edu.ar\/wp-content\/uploads\/2021\/09\/Diapositiva4-300x225.jpg 300w, https:\/\/www.electivatgt.faud.unsj.edu.ar\/wp-content\/uploads\/2021\/09\/Diapositiva4-768x576.jpg 768w\" sizes=\"auto, (max-width: 960px) 100vw, 960px\" \/><\/figure><\/li><\/ul><\/figure>\n\n\n\n<h3 class=\"wp-block-heading\">Ejercicio de salida de impresi\u00f3n<\/h3>\n\n\n\n<figure class=\"wp-block-gallery columns-1 is-cropped wp-block-gallery-4 is-layout-flex wp-block-gallery-is-layout-flex\"><ul class=\"blocks-gallery-grid\"><li class=\"blocks-gallery-item\"><figure><img loading=\"lazy\" decoding=\"async\" width=\"1024\" height=\"724\" src=\"https:\/\/www.electivatgt.faud.unsj.edu.ar\/wp-content\/uploads\/2021\/09\/mi-primer-mapa-1024x724.png\" alt=\"\" data-id=\"707\" data-full-url=\"https:\/\/www.electivatgt.faud.unsj.edu.ar\/wp-content\/uploads\/2021\/09\/mi-primer-mapa.png\" data-link=\"https:\/\/www.electivatgt.faud.unsj.edu.ar\/index.php\/material\/ejercicios-practicos\/mi-primer-mapa\/\" class=\"wp-image-707\" srcset=\"https:\/\/www.electivatgt.faud.unsj.edu.ar\/wp-content\/uploads\/2021\/09\/mi-primer-mapa-1024x724.png 1024w, https:\/\/www.electivatgt.faud.unsj.edu.ar\/wp-content\/uploads\/2021\/09\/mi-primer-mapa-300x212.png 300w, https:\/\/www.electivatgt.faud.unsj.edu.ar\/wp-content\/uploads\/2021\/09\/mi-primer-mapa-768x543.png 768w, https:\/\/www.electivatgt.faud.unsj.edu.ar\/wp-content\/uploads\/2021\/09\/mi-primer-mapa-1536x1086.png 1536w, https:\/\/www.electivatgt.faud.unsj.edu.ar\/wp-content\/uploads\/2021\/09\/mi-primer-mapa-2048x1448.png 2048w\" sizes=\"auto, (max-width: 1024px) 100vw, 1024px\" \/><\/figure><\/li><\/ul><\/figure>\n","protected":false},"excerpt":{"rendered":"<p>Trabajo Pr\u00e1ctico Integrador Link al archivo Pr\u00e1ctica 1 Pr\u00e1ctica 2 Pr\u00e1ctica 3 Ejercicio de salida de impresi\u00f3n<\/p>\n","protected":false},"author":1,"featured_media":0,"parent":480,"menu_order":0,"comment_status":"closed","ping_status":"closed","template":"","meta":{"_mc_calendar":[],"footnotes":""},"class_list":["post-691","page","type-page","status-publish","hentry"],"_links":{"self":[{"href":"https:\/\/www.electivatgt.faud.unsj.edu.ar\/index.php\/wp-json\/wp\/v2\/pages\/691","targetHints":{"allow":["GET"]}}],"collection":[{"href":"https:\/\/www.electivatgt.faud.unsj.edu.ar\/index.php\/wp-json\/wp\/v2\/pages"}],"about":[{"href":"https:\/\/www.electivatgt.faud.unsj.edu.ar\/index.php\/wp-json\/wp\/v2\/types\/page"}],"author":[{"embeddable":true,"href":"https:\/\/www.electivatgt.faud.unsj.edu.ar\/index.php\/wp-json\/wp\/v2\/users\/1"}],"replies":[{"embeddable":true,"href":"https:\/\/www.electivatgt.faud.unsj.edu.ar\/index.php\/wp-json\/wp\/v2\/comments?post=691"}],"version-history":[{"count":6,"href":"https:\/\/www.electivatgt.faud.unsj.edu.ar\/index.php\/wp-json\/wp\/v2\/pages\/691\/revisions"}],"predecessor-version":[{"id":712,"href":"https:\/\/www.electivatgt.faud.unsj.edu.ar\/index.php\/wp-json\/wp\/v2\/pages\/691\/revisions\/712"}],"up":[{"embeddable":true,"href":"https:\/\/www.electivatgt.faud.unsj.edu.ar\/index.php\/wp-json\/wp\/v2\/pages\/480"}],"wp:attachment":[{"href":"https:\/\/www.electivatgt.faud.unsj.edu.ar\/index.php\/wp-json\/wp\/v2\/media?parent=691"}],"curies":[{"name":"wp","href":"https:\/\/api.w.org\/{rel}","templated":true}]}}