{"id":553,"date":"2021-07-30T15:53:29","date_gmt":"2021-07-30T15:53:29","guid":{"rendered":"https:\/\/www.electivatgt.faud.unsj.edu.ar\/?page_id=553"},"modified":"2024-08-08T19:35:44","modified_gmt":"2024-08-08T19:35:44","slug":"cursado","status":"publish","type":"page","link":"https:\/\/www.electivatgt.faud.unsj.edu.ar\/index.php\/planificacion\/cursado\/","title":{"rendered":"Cursado"},"content":{"rendered":"\n<h4 class=\"wp-block-heading\">Curso: Electiva<\/h4>\n\n\n\n<h4 class=\"wp-block-heading\">R\u00e9gimen: Promocional<\/h4>\n\n\n\n<h4 class=\"wp-block-heading\">Per\u00edodo: 2\u00ba semestre<\/h4>\n\n\n\n<h5 class=\"wp-block-heading\">Carga Horaria: 4 (hs\/reloj por \u201csemana\u201d seg\u00fan plan de estudios)<\/h5>\n\n\n\n<h5 class=\"wp-block-heading\">D\u00eda\/s y horario de Clase\/s:\u00a0\u00a0\u00a0\u00a0\u00a0\u00a0\u00a0\u00a0\u00a0Lunes\u00a0\u00a0 de 13.00 hs. a 15.00 hs.<\/h5>\n\n\n\n<h5 class=\"wp-block-heading\">D\u00eda\/s y horario de Consulta\/s:&nbsp;&nbsp;&nbsp;&nbsp; Martes&nbsp;&nbsp; 9hs<\/h5>\n\n\n\n<p><strong><span class=\"has-inline-color has-orange-color\">Ser\u00e1n requisitos para cursar<\/span><\/strong>:<\/p>\n\n\n\n<ul class=\"wp-block-list\">\n<li>Promoci\u00f3n en el Taller de Arquitectura III (obligatorio) <\/li>\n\n\n\n<li>CTP de Morfolog\u00eda III (sugerido)<\/li>\n\n\n\n<li>CTP de introducci\u00f3n al urbanismo (sugerido)<\/li>\n<\/ul>\n\n\n\n<p>La asignatura se vincula al \u00c1rea de conocimiento de Ciencias B\u00e1sicas, Tecnolog\u00eda, Producci\u00f3n y Gesti\u00f3n; y en la sub-\u00e1rea de Tecnolog\u00edas. Se&nbsp; dicta en el segundo semestre de la carrera con una carga horaria de 75 horas presenciales. Se ubica en el Ciclo de Formaci\u00f3n Profesional, Pre-Orientaci\u00f3n y Especializaci\u00f3n, en este sentido el Plan de estudios vigentes establece entre los objetivos para este ciclo: \u201cobtener un nivel de instrumentaci\u00f3n acorde a las necesidades del ejercicio de la profesi\u00f3n\u201d.<\/p>\n\n\n\n<p>De acuerdo al Plan de Estudios de la carrera de Arquitectura y Urbanismo, esta asignatura electiva corresponde a la denominada curr\u00edcula flexible seg\u00fan cita el Art. 1\u00ba de la Ord. N167 1\/2013-CD-FAUD estas asignaturas \u201c\u2026constituyen una oferta global de la que el alumno puede optar para su cursado con el objeto de enriquecer su formaci\u00f3n general o lograr una profundizaci\u00f3n de conocimientos en un \u00e1rea determinada de sus estudios\u201d. Adem\u00e1s, el plan de estudios de la carrera de Arquitectura y Urbanismo de la FAUD se\u00f1ala entre los alcances del t\u00edtulo, que el graduado pueda \u201cparticipar en planes, programas y proyectos de ordenamiento f\u00edsico ambiental del territorio y de ocupaci\u00f3n de espacio urbano y rural\u201d; raz\u00f3n por la cual se considera de inter\u00e9s profundizar en los contenidos que propone la asignatura, como aporte fundamental en la formaci\u00f3n.<\/p>\n","protected":false},"excerpt":{"rendered":"<p>Curso: Electiva R\u00e9gimen: Promocional Per\u00edodo: 2\u00ba semestre Carga Horaria: 4 (hs\/reloj por \u201csemana\u201d seg\u00fan plan de estudios) D\u00eda\/s y horario de Clase\/s:\u00a0\u00a0\u00a0\u00a0\u00a0\u00a0\u00a0\u00a0\u00a0Lunes\u00a0\u00a0 de 13.00 hs&#8230;.<\/p>\n","protected":false},"author":1,"featured_media":0,"parent":472,"menu_order":1,"comment_status":"closed","ping_status":"closed","template":"","meta":{"_mc_calendar":[],"footnotes":""},"class_list":["post-553","page","type-page","status-publish","hentry"],"_links":{"self":[{"href":"https:\/\/www.electivatgt.faud.unsj.edu.ar\/index.php\/wp-json\/wp\/v2\/pages\/553","targetHints":{"allow":["GET"]}}],"collection":[{"href":"https:\/\/www.electivatgt.faud.unsj.edu.ar\/index.php\/wp-json\/wp\/v2\/pages"}],"about":[{"href":"https:\/\/www.electivatgt.faud.unsj.edu.ar\/index.php\/wp-json\/wp\/v2\/types\/page"}],"author":[{"embeddable":true,"href":"https:\/\/www.electivatgt.faud.unsj.edu.ar\/index.php\/wp-json\/wp\/v2\/users\/1"}],"replies":[{"embeddable":true,"href":"https:\/\/www.electivatgt.faud.unsj.edu.ar\/index.php\/wp-json\/wp\/v2\/comments?post=553"}],"version-history":[{"count":8,"href":"https:\/\/www.electivatgt.faud.unsj.edu.ar\/index.php\/wp-json\/wp\/v2\/pages\/553\/revisions"}],"predecessor-version":[{"id":732,"href":"https:\/\/www.electivatgt.faud.unsj.edu.ar\/index.php\/wp-json\/wp\/v2\/pages\/553\/revisions\/732"}],"up":[{"embeddable":true,"href":"https:\/\/www.electivatgt.faud.unsj.edu.ar\/index.php\/wp-json\/wp\/v2\/pages\/472"}],"wp:attachment":[{"href":"https:\/\/www.electivatgt.faud.unsj.edu.ar\/index.php\/wp-json\/wp\/v2\/media?parent=553"}],"curies":[{"name":"wp","href":"https:\/\/api.w.org\/{rel}","templated":true}]}}