{"id":487,"date":"2021-07-30T13:32:42","date_gmt":"2021-07-30T13:32:42","guid":{"rendered":"https:\/\/www.electivatgt.faud.unsj.edu.ar\/?page_id=487"},"modified":"2021-08-13T22:41:17","modified_gmt":"2021-08-13T22:41:17","slug":"manuales-y-textos","status":"publish","type":"page","link":"https:\/\/www.electivatgt.faud.unsj.edu.ar\/index.php\/material\/manuales-y-textos\/","title":{"rendered":"Manuales &#8211; Textos"},"content":{"rendered":"\n<h4 class=\"wp-block-heading\">Publicaciones (Textos clase 1)<\/h4>\n\n\n\n<ul class=\"wp-block-list\"><li>Texto 1: <a rel=\"noreferrer noopener\" href=\"https:\/\/drive.google.com\/file\/d\/1jiBEk9cahcZJMCzpmCQGkxSQ25AW5FpH\/view?usp=sharing\" target=\"_blank\">Los Sistemas de Informaci\u00f3n Geogr\u00e1fica (SIG) en la docencia del urbanismo: el caso de Espa\u00f1a.<\/a><\/li><li>Texto 2: <a href=\"https:\/\/drive.google.com\/file\/d\/1W-FeddzTFIrLu0zqFlyKDZFIMtCpWcjO\/view?usp=sharing\" target=\"_blank\" rel=\"noreferrer noopener\">El uso del BIM y del SIG en la investigaci\u00f3n y la ense\u00f1anza de la Arquitectura<\/a><\/li><li>Texto 3: <a rel=\"noreferrer noopener\" href=\"https:\/\/drive.google.com\/file\/d\/11eRohP5yhvqRtEFIegorQpGwkyFnaAbE\/view?usp=sharing\" target=\"_blank\">Aplicaci\u00f3n de los sistemas de informaci\u00f3n geogr\u00e1fica en el ordenamiento territorial<\/a>.<\/li><li>Texto 4: <a rel=\"noreferrer noopener\" href=\"https:\/\/drive.google.com\/file\/d\/1FppxXPf5F70XPXd7xuBIYn_CCm_dsdcB\/view?usp=sharing\" target=\"_blank\">La aplicaci\u00f3n de los SIG como herramienta de an\u00e1lisis en la gesti\u00f3n del territorio<\/a><\/li><\/ul>\n\n\n\n<h4 class=\"wp-block-heading\">Manuales<\/h4>\n\n\n\n<ul class=\"wp-block-list\"><li><a rel=\"noreferrer noopener\" href=\"https:\/\/drive.google.com\/file\/d\/1guxGQAGbSVjyyVdpem780kL_aLunF4KD\/view?usp=sharing\" target=\"_blank\">Qgis. Curso b\u00e1sico.<\/a><\/li><li><a rel=\"noreferrer noopener\" href=\"https:\/\/drive.google.com\/file\/d\/1gax2iD4SsrfsJqKPk3kQqVr-7ykAyOEL\/view?usp=sharing\" target=\"_blank\">Qgis. Manual del INTA.<\/a><\/li><\/ul>\n\n\n\n<p><\/p>\n\n\n\n<ul class=\"wp-block-list\"><li><a rel=\"noreferrer noopener\" href=\"https:\/\/drive.google.com\/file\/d\/1x4NNQ3YXcw-ttuV96hmgTdYG42VFpvjT\/view?usp=sharing\" target=\"_blank\">Google Earth. Manual de uso y funcionamiento.<\/a><\/li><li><a rel=\"noreferrer noopener\" href=\"https:\/\/drive.google.com\/file\/d\/1iEAda3c--HsAgh0ZGaAwwbWrOgIjPh6H\/view?usp=sharing\" target=\"_blank\">Google Earth. Tutorial.<\/a><\/li><\/ul>\n\n\n\n<p><\/p>\n\n\n\n<ul class=\"wp-block-list\"><li><a rel=\"noreferrer noopener\" href=\"https:\/\/drive.google.com\/file\/d\/16Mjs3V1l53N8KVjWpTUdJLKMfIRoHZt-\/view?usp=sharing\" target=\"_blank\">Gu\u00eda REDATAM.<\/a><\/li><li><a rel=\"noreferrer noopener\" href=\"https:\/\/drive.google.com\/file\/d\/1PTUBHvHt5nV3FOF9plLjNys1sAt6NzY7\/view?usp=sharing\" target=\"_blank\">IGN. Manual de signos cartogr\u00e1ficos.<\/a><\/li><li><a rel=\"noreferrer noopener\" href=\"https:\/\/drive.google.com\/file\/d\/1XTFAM1WNkz9MsZGIcNV9FU7DhMH84BG9\/view?usp=sharing\" target=\"_blank\">IGN. Normas generales de abreviaturas.<\/a><\/li><\/ul>\n\n\n\n<ul class=\"wp-block-list\"><li><a href=\"https:\/\/drive.google.com\/file\/d\/12vcHQKEyI2vNmjuxjmZfF55bU6KsM4kE\/view?usp=sharing\" target=\"_blank\" rel=\"noreferrer noopener\">Sistemas de informaci\u00f3n geogr\u00e1fica.<\/a><\/li><li><a href=\"https:\/\/drive.google.com\/file\/d\/16nhd288fTBn1gRr__JdkH0TkHUSFz0a2\/view?usp=sharing\" target=\"_blank\" rel=\"noreferrer noopener\">SIG aplicados a estudios urbanos.<\/a><\/li><\/ul>\n\n\n\n<p><\/p>\n\n\n\n<p><\/p>\n","protected":false},"excerpt":{"rendered":"<p>Publicaciones (Textos clase 1) Texto 1: Los Sistemas de Informaci\u00f3n Geogr\u00e1fica (SIG) en la docencia del urbanismo: el caso de Espa\u00f1a. Texto 2: El uso&#8230;<\/p>\n","protected":false},"author":1,"featured_media":0,"parent":480,"menu_order":2,"comment_status":"closed","ping_status":"closed","template":"","meta":{"_mc_calendar":[],"footnotes":""},"class_list":["post-487","page","type-page","status-publish","hentry"],"_links":{"self":[{"href":"https:\/\/www.electivatgt.faud.unsj.edu.ar\/index.php\/wp-json\/wp\/v2\/pages\/487","targetHints":{"allow":["GET"]}}],"collection":[{"href":"https:\/\/www.electivatgt.faud.unsj.edu.ar\/index.php\/wp-json\/wp\/v2\/pages"}],"about":[{"href":"https:\/\/www.electivatgt.faud.unsj.edu.ar\/index.php\/wp-json\/wp\/v2\/types\/page"}],"author":[{"embeddable":true,"href":"https:\/\/www.electivatgt.faud.unsj.edu.ar\/index.php\/wp-json\/wp\/v2\/users\/1"}],"replies":[{"embeddable":true,"href":"https:\/\/www.electivatgt.faud.unsj.edu.ar\/index.php\/wp-json\/wp\/v2\/comments?post=487"}],"version-history":[{"count":6,"href":"https:\/\/www.electivatgt.faud.unsj.edu.ar\/index.php\/wp-json\/wp\/v2\/pages\/487\/revisions"}],"predecessor-version":[{"id":647,"href":"https:\/\/www.electivatgt.faud.unsj.edu.ar\/index.php\/wp-json\/wp\/v2\/pages\/487\/revisions\/647"}],"up":[{"embeddable":true,"href":"https:\/\/www.electivatgt.faud.unsj.edu.ar\/index.php\/wp-json\/wp\/v2\/pages\/480"}],"wp:attachment":[{"href":"https:\/\/www.electivatgt.faud.unsj.edu.ar\/index.php\/wp-json\/wp\/v2\/media?parent=487"}],"curies":[{"name":"wp","href":"https:\/\/api.w.org\/{rel}","templated":true}]}}