{"id":478,"date":"2021-07-30T13:03:31","date_gmt":"2021-07-30T13:03:31","guid":{"rendered":"https:\/\/www.electivatgt.faud.unsj.edu.ar\/?page_id=478"},"modified":"2021-07-31T12:55:54","modified_gmt":"2021-07-31T12:55:54","slug":"programa","status":"publish","type":"page","link":"https:\/\/www.electivatgt.faud.unsj.edu.ar\/index.php\/planificacion\/programa\/","title":{"rendered":"Programa"},"content":{"rendered":"\n<h5 class=\"wp-block-heading\">UA1 Pensamiento Espacial:<\/h5>\n\n\n\n<ul class=\"wp-block-list\"><li>Conceptos generales.<\/li><li>Conocimiento y percepci\u00f3n espacial territorial.<\/li><li>La informaci\u00f3n geogr\u00e1fica.<\/li><li>Los objetos reales entendidos como entidades geogr\u00e1ficas digitales.<\/li><li>Aspectos espaciales de los sistemas territoriales.<\/li><li>La geom\u00e1tica en el urbanismo y el medio ambiente.<\/li><\/ul>\n\n\n\n<h5 class=\"wp-block-heading\">UA2 Tecnolog\u00edas y Funciones SIG:<\/h5>\n\n\n\n<ul class=\"wp-block-list\"><li>Arquitectura y componentes de los SIG.<\/li><li>Relaci\u00f3n entre las entidades geogr\u00e1ficas y sus base de datos asociadas.<\/li><li>Modelos de representaci\u00f3n.<\/li><\/ul>\n\n\n\n<h5 class=\"wp-block-heading\">UA3 Gesti\u00f3n de datos espaciales:<\/h5>\n\n\n\n<ul class=\"wp-block-list\"><li>Adquisici\u00f3n y creaci\u00f3n de datos espaciales.<\/li><li>Almacenamiento y mantenimiento (base de datos relacional).<\/li><li>Edici\u00f3n de datos espaciales.<\/li><li>Consultas y relaciones espaciales.<\/li><li>Geoprocesos y An\u00e1lisis espacial en modelos vectorial.<\/li><\/ul>\n\n\n\n<h5 class=\"wp-block-heading\">UA4 Representaci\u00f3n de datos espaciales:<\/h5>\n\n\n\n<ul class=\"wp-block-list\"><li>Composiciones cartogr\u00e1ficas.<\/li><li>Mapas geogr\u00e1ficos y tem\u00e1ticos.<\/li><li>Infogramas.<\/li><li>Salidas de impresi\u00f3n (estilos, etiquetas y diagramas).<\/li><\/ul>\n","protected":false},"excerpt":{"rendered":"<p>UA1 Pensamiento Espacial: Conceptos generales. Conocimiento y percepci\u00f3n espacial territorial. La informaci\u00f3n geogr\u00e1fica. Los objetos reales entendidos como entidades geogr\u00e1ficas digitales. Aspectos espaciales de los&#8230;<\/p>\n","protected":false},"author":1,"featured_media":0,"parent":472,"menu_order":3,"comment_status":"closed","ping_status":"closed","template":"","meta":{"_mc_calendar":[],"footnotes":""},"class_list":["post-478","page","type-page","status-publish","hentry"],"_links":{"self":[{"href":"https:\/\/www.electivatgt.faud.unsj.edu.ar\/index.php\/wp-json\/wp\/v2\/pages\/478","targetHints":{"allow":["GET"]}}],"collection":[{"href":"https:\/\/www.electivatgt.faud.unsj.edu.ar\/index.php\/wp-json\/wp\/v2\/pages"}],"about":[{"href":"https:\/\/www.electivatgt.faud.unsj.edu.ar\/index.php\/wp-json\/wp\/v2\/types\/page"}],"author":[{"embeddable":true,"href":"https:\/\/www.electivatgt.faud.unsj.edu.ar\/index.php\/wp-json\/wp\/v2\/users\/1"}],"replies":[{"embeddable":true,"href":"https:\/\/www.electivatgt.faud.unsj.edu.ar\/index.php\/wp-json\/wp\/v2\/comments?post=478"}],"version-history":[{"count":4,"href":"https:\/\/www.electivatgt.faud.unsj.edu.ar\/index.php\/wp-json\/wp\/v2\/pages\/478\/revisions"}],"predecessor-version":[{"id":609,"href":"https:\/\/www.electivatgt.faud.unsj.edu.ar\/index.php\/wp-json\/wp\/v2\/pages\/478\/revisions\/609"}],"up":[{"embeddable":true,"href":"https:\/\/www.electivatgt.faud.unsj.edu.ar\/index.php\/wp-json\/wp\/v2\/pages\/472"}],"wp:attachment":[{"href":"https:\/\/www.electivatgt.faud.unsj.edu.ar\/index.php\/wp-json\/wp\/v2\/media?parent=478"}],"curies":[{"name":"wp","href":"https:\/\/api.w.org\/{rel}","templated":true}]}}