{"id":476,"date":"2021-07-30T13:02:23","date_gmt":"2021-07-30T13:02:23","guid":{"rendered":"https:\/\/www.electivatgt.faud.unsj.edu.ar\/?page_id=476"},"modified":"2021-07-31T13:00:38","modified_gmt":"2021-07-31T13:00:38","slug":"condicion-de-aprobacion","status":"publish","type":"page","link":"https:\/\/www.electivatgt.faud.unsj.edu.ar\/index.php\/planificacion\/condicion-de-aprobacion\/","title":{"rendered":"Promoci\u00f3n"},"content":{"rendered":"\n<p>La determinaci\u00f3n de los requisitos necesarios y el r\u00e9gimen de cursado que deber\u00e1n cumplirse para obtener PROMOCI\u00d3N sin examen final, se rigen a lo establecido en el reglamento Acad\u00e9mico-Ordenanza N\u00b0 014\/14-CS. <\/p>\n\n\n\n<p><strong><span class=\"has-inline-color has-orange-color\">Ser\u00e1n requisitos para obtener la promoci\u00f3n<\/span><\/strong>: <\/p>\n\n\n\n<ul class=\"wp-block-list\"><li>Asistir al 80% de las clases te\u00f3rico \u2013 pr\u00e1cticas <\/li><li>Aprobar el trabajo Pr\u00e1ctico Integrador con una calificaci\u00f3n igual o mayor a 7 puntos.<\/li><li>Completar y enviar el formulario de fin de cursado disponible en el siguiente enlace: <a href=\"https:\/\/docs.google.com\/forms\/d\/e\/1FAIpQLSfazs6BhkSmpvCoD4LaJ2vBbnPL1a0UskX8XZOEJpaH8mAeQQ\/viewform?usp=sf_link\" target=\"_blank\" rel=\"noreferrer noopener\">(click aqu\u00ed)<\/a><\/li><\/ul>\n\n\n\n<p><\/p>\n\n\n\n<p><\/p>\n","protected":false},"excerpt":{"rendered":"<p>La determinaci\u00f3n de los requisitos necesarios y el r\u00e9gimen de cursado que deber\u00e1n cumplirse para obtener PROMOCI\u00d3N sin examen final, se rigen a lo establecido&#8230;<\/p>\n","protected":false},"author":1,"featured_media":0,"parent":472,"menu_order":2,"comment_status":"closed","ping_status":"closed","template":"","meta":{"_mc_calendar":[],"footnotes":""},"class_list":["post-476","page","type-page","status-publish","hentry"],"_links":{"self":[{"href":"https:\/\/www.electivatgt.faud.unsj.edu.ar\/index.php\/wp-json\/wp\/v2\/pages\/476","targetHints":{"allow":["GET"]}}],"collection":[{"href":"https:\/\/www.electivatgt.faud.unsj.edu.ar\/index.php\/wp-json\/wp\/v2\/pages"}],"about":[{"href":"https:\/\/www.electivatgt.faud.unsj.edu.ar\/index.php\/wp-json\/wp\/v2\/types\/page"}],"author":[{"embeddable":true,"href":"https:\/\/www.electivatgt.faud.unsj.edu.ar\/index.php\/wp-json\/wp\/v2\/users\/1"}],"replies":[{"embeddable":true,"href":"https:\/\/www.electivatgt.faud.unsj.edu.ar\/index.php\/wp-json\/wp\/v2\/comments?post=476"}],"version-history":[{"count":9,"href":"https:\/\/www.electivatgt.faud.unsj.edu.ar\/index.php\/wp-json\/wp\/v2\/pages\/476\/revisions"}],"predecessor-version":[{"id":616,"href":"https:\/\/www.electivatgt.faud.unsj.edu.ar\/index.php\/wp-json\/wp\/v2\/pages\/476\/revisions\/616"}],"up":[{"embeddable":true,"href":"https:\/\/www.electivatgt.faud.unsj.edu.ar\/index.php\/wp-json\/wp\/v2\/pages\/472"}],"wp:attachment":[{"href":"https:\/\/www.electivatgt.faud.unsj.edu.ar\/index.php\/wp-json\/wp\/v2\/media?parent=476"}],"curies":[{"name":"wp","href":"https:\/\/api.w.org\/{rel}","templated":true}]}}