{"id":474,"date":"2021-07-30T13:01:30","date_gmt":"2021-07-30T13:01:30","guid":{"rendered":"https:\/\/www.electivatgt.faud.unsj.edu.ar\/?page_id=474"},"modified":"2021-07-31T12:49:17","modified_gmt":"2021-07-31T12:49:17","slug":"objetivos","status":"publish","type":"page","link":"https:\/\/www.electivatgt.faud.unsj.edu.ar\/index.php\/planificacion\/objetivos\/","title":{"rendered":"Objetivos"},"content":{"rendered":"\n<h5 class=\"wp-block-heading\">Objetivos Generales: <\/h5>\n\n\n\n<p>La asignatura se plantea como objetivo general iniciar a los\/las estudiantes en el uso de tecnolog\u00edas de informaci\u00f3n espacial, particularmente los SIG, como sistema de apoyo a la gesti\u00f3n territorial; mediante la aplicaci\u00f3n de t\u00e9cnicas de geoprocesamientos y sus respectivas representaciones cartogr\u00e1ficas.<\/p>\n\n\n\n<h5 class=\"wp-block-heading\">Objetivos Espec\u00edficos:<\/h5>\n\n\n\n<ul class=\"wp-block-list\"><li>Brindar los conocimientos b\u00e1sicos y necesarios para la creaci\u00f3n, manejo y gesti\u00f3n de sistemas informatizados con componentes vinculados al territorio.<\/li><li>Adquirir habilidades progresivas en los procesos recopilaci\u00f3n de cartograf\u00eda anal\u00f3gica, georreferenciaci\u00f3n y digitalizaci\u00f3n.<\/li><li>Desarrollar capacidades para la edici\u00f3n  de la informaci\u00f3n georreferenciada y obtenci\u00f3n de salidas cartogr\u00e1ficas tem\u00e1ticas.<\/li><li>Esbozar respuestas b\u00e1sicas a problem\u00e1ticas espaciales espec\u00edficas, a trav\u00e9s del uso de los SIG.<\/li><\/ul>\n","protected":false},"excerpt":{"rendered":"<p>Objetivos Generales: La asignatura se plantea como objetivo general iniciar a los\/las estudiantes en el uso de tecnolog\u00edas de informaci\u00f3n espacial, particularmente los SIG, como&#8230;<\/p>\n","protected":false},"author":1,"featured_media":0,"parent":472,"menu_order":1,"comment_status":"closed","ping_status":"closed","template":"","meta":{"_mc_calendar":[],"footnotes":""},"class_list":["post-474","page","type-page","status-publish","hentry"],"_links":{"self":[{"href":"https:\/\/www.electivatgt.faud.unsj.edu.ar\/index.php\/wp-json\/wp\/v2\/pages\/474","targetHints":{"allow":["GET"]}}],"collection":[{"href":"https:\/\/www.electivatgt.faud.unsj.edu.ar\/index.php\/wp-json\/wp\/v2\/pages"}],"about":[{"href":"https:\/\/www.electivatgt.faud.unsj.edu.ar\/index.php\/wp-json\/wp\/v2\/types\/page"}],"author":[{"embeddable":true,"href":"https:\/\/www.electivatgt.faud.unsj.edu.ar\/index.php\/wp-json\/wp\/v2\/users\/1"}],"replies":[{"embeddable":true,"href":"https:\/\/www.electivatgt.faud.unsj.edu.ar\/index.php\/wp-json\/wp\/v2\/comments?post=474"}],"version-history":[{"count":4,"href":"https:\/\/www.electivatgt.faud.unsj.edu.ar\/index.php\/wp-json\/wp\/v2\/pages\/474\/revisions"}],"predecessor-version":[{"id":607,"href":"https:\/\/www.electivatgt.faud.unsj.edu.ar\/index.php\/wp-json\/wp\/v2\/pages\/474\/revisions\/607"}],"up":[{"embeddable":true,"href":"https:\/\/www.electivatgt.faud.unsj.edu.ar\/index.php\/wp-json\/wp\/v2\/pages\/472"}],"wp:attachment":[{"href":"https:\/\/www.electivatgt.faud.unsj.edu.ar\/index.php\/wp-json\/wp\/v2\/media?parent=474"}],"curies":[{"name":"wp","href":"https:\/\/api.w.org\/{rel}","templated":true}]}}