{"id":470,"date":"2021-07-30T12:57:15","date_gmt":"2021-07-30T12:57:15","guid":{"rendered":"https:\/\/www.electivatgt.faud.unsj.edu.ar\/?page_id=470"},"modified":"2021-07-31T12:34:17","modified_gmt":"2021-07-31T12:34:17","slug":"introduccion","status":"publish","type":"page","link":"https:\/\/www.electivatgt.faud.unsj.edu.ar\/index.php\/introduccion\/","title":{"rendered":"Introducci\u00f3n"},"content":{"rendered":"\n<p>El uso de las nuevas tecnolog\u00edas de la informaci\u00f3n y la comunicaci\u00f3n agiliza, sin dudas, la respuesta de los actores responsables en el proceso de toma de decisiones ante la evoluci\u00f3n de las variables de desarrollo y cambios en el contexto territorial. Como afirman Heywood, Cornelius y Carver (1999)*, la velocidad del cambio es tal que el propio cambio es un componente principal en nuestra sociedad, por lo que se impone la adopci\u00f3n de sistemas de trabajo r\u00e1pidos y \u00e1giles capaces de promover el desarrollo territorial y socioecon\u00f3mico de las entidades locales y de su entorno. <\/p>\n\n\n\n<p>En esta l\u00ednea, los Sistemas de Informaci\u00f3n Territorial apoyados en los Sistemas de Informaci\u00f3n Geogr\u00e1fica (SIG) constituyen, adem\u00e1s de un soporte de gesti\u00f3n de la informaci\u00f3n y un excelente medio para la visualizaci\u00f3n y representaci\u00f3n espacial de los datos, un instrumento clave para la toma de decisiones en la planificaci\u00f3n,la gesti\u00f3n de un territorio y el ordenamiento territorial.<\/p>\n\n\n\n<p>Los SIG, han asumido el papel de almacenar organizadamente y procesar la informaci\u00f3n con referencia en el territorio, y puede entenderse como un modelo informatizado de la realidad geogr\u00e1fica para satisfacer unas necesidades de informaci\u00f3n concretas, esto es, crear, compartir y aplicar informaci\u00f3n \u00fatil basada en datos y en mapas. El t\u00e9rmino SIG, sin ser en absoluto una tecnolog\u00eda novedosa, en l\u00edneas generales se aplica a entornos inform\u00e1ticos orientados a la gesti\u00f3n de datos espaciales (georreferenciados), constituyendo actualmente la herramienta m\u00e1s extendida para el trabajo en las ciencias geom\u00e1ticas. Pero, conforme ganan en complejidad estos programas, los usuarios del sistema pasan a depender cada vez m\u00e1s de los especialistas en estas tecnolog\u00edas inform\u00e1ticas y de las comunicaciones y organizaciones responsables de los datos.<\/p>\n\n\n\n<p>En este contexto, esta asignatura electiva pretende introducir a los\/las estudiantes en las nuevas tecnolog\u00edas de informaci\u00f3n relacionadas al manejo de la informaci\u00f3n espacial para la gesti\u00f3n del territorio, y que al finalizar el cursado de la materia sean capaces de utilizarla para esbozar respuestas superadoras a distintas problem\u00e1ticas relacionadas al territorio. A trav\u00e9s del programa propuesto, se pretende que obtengan una base te\u00f3rica y pr\u00e1ctica para el manejo de estas tecnolog\u00edas, analizando sus potencialidades y limitaciones. <\/p>\n\n\n\n<p>Se profundizar\u00e1 sobre los fundamentos de los SIG y el an\u00e1lisis espacial, incluyendo la generaci\u00f3n de cartograf\u00eda tem\u00e1tica y anal\u00edtica. Asimismo a trav\u00e9s de diversos ejercicios pr\u00e1cticos, los\/las estudiantes obtendr\u00e1n experiencia en el uso de los programas orientados a la gesti\u00f3n del territorio, que podr\u00e1n utilizar como herramienta en su desempe\u00f1o como estudiantes de los \u00faltimos a\u00f1os y en su futuro hacer profesional.<\/p>\n\n\n\n<p><em><sup>*An Introduction to Geographical Information Systems (4th Edition)&nbsp;ISBN-13:&nbsp;978-0273722595<\/sup><\/em><\/p>\n","protected":false},"excerpt":{"rendered":"<p>El uso de las nuevas tecnolog\u00edas de la informaci\u00f3n y la comunicaci\u00f3n agiliza, sin dudas, la respuesta de los actores responsables en el proceso de&#8230;<\/p>\n","protected":false},"author":1,"featured_media":0,"parent":0,"menu_order":1,"comment_status":"closed","ping_status":"closed","template":"","meta":{"_mc_calendar":[],"footnotes":""},"class_list":["post-470","page","type-page","status-publish","hentry"],"_links":{"self":[{"href":"https:\/\/www.electivatgt.faud.unsj.edu.ar\/index.php\/wp-json\/wp\/v2\/pages\/470","targetHints":{"allow":["GET"]}}],"collection":[{"href":"https:\/\/www.electivatgt.faud.unsj.edu.ar\/index.php\/wp-json\/wp\/v2\/pages"}],"about":[{"href":"https:\/\/www.electivatgt.faud.unsj.edu.ar\/index.php\/wp-json\/wp\/v2\/types\/page"}],"author":[{"embeddable":true,"href":"https:\/\/www.electivatgt.faud.unsj.edu.ar\/index.php\/wp-json\/wp\/v2\/users\/1"}],"replies":[{"embeddable":true,"href":"https:\/\/www.electivatgt.faud.unsj.edu.ar\/index.php\/wp-json\/wp\/v2\/comments?post=470"}],"version-history":[{"count":4,"href":"https:\/\/www.electivatgt.faud.unsj.edu.ar\/index.php\/wp-json\/wp\/v2\/pages\/470\/revisions"}],"predecessor-version":[{"id":599,"href":"https:\/\/www.electivatgt.faud.unsj.edu.ar\/index.php\/wp-json\/wp\/v2\/pages\/470\/revisions\/599"}],"wp:attachment":[{"href":"https:\/\/www.electivatgt.faud.unsj.edu.ar\/index.php\/wp-json\/wp\/v2\/media?parent=470"}],"curies":[{"name":"wp","href":"https:\/\/api.w.org\/{rel}","templated":true}]}}